{"id":2781,"date":"2018-06-23T16:16:34","date_gmt":"2018-06-23T14:16:34","guid":{"rendered":"https:\/\/pis6.com\/poduzece\/"},"modified":"2024-01-17T14:21:30","modified_gmt":"2024-01-17T13:21:30","slug":"poduzece","status":"publish","type":"page","link":"https:\/\/www.pis6.com\/hr\/poduzece\/","title":{"rendered":"Poduze\u0107e"},"content":{"rendered":"\t\t<div data-elementor-type=\"wp-post\" data-elementor-id=\"2781\" class=\"elementor elementor-2781 elementor-26\" data-elementor-post-type=\"page\">\n\t\t\t\t\t\t<section class=\"elementor-section elementor-top-section elementor-element elementor-element-9ccd6b0 elementor-section-stretched elementor-section-full_width elementor-section-content-top elementor-section-height-default elementor-section-height-default\" data-id=\"9ccd6b0\" data-element_type=\"section\" data-e-type=\"section\" data-settings=\"{&quot;background_background&quot;:&quot;classic&quot;,&quot;stretch_section&quot;:&quot;section-stretched&quot;}\">\n\t\t\t\t\t\t<div class=\"elementor-container elementor-column-gap-no\">\n\t\t\t\t\t<div class=\"elementor-column elementor-col-100 elementor-top-column elementor-element elementor-element-6e20064\" data-id=\"6e20064\" data-element_type=\"column\" data-e-type=\"column\">\n\t\t\t<div class=\"elementor-widget-wrap elementor-element-populated\">\n\t\t\t\t\t\t<div class=\"elementor-element elementor-element-d47010b elementor-widget elementor-widget-spacer\" data-id=\"d47010b\" data-element_type=\"widget\" data-e-type=\"widget\" data-widget_type=\"spacer.default\">\n\t\t\t\t<div class=\"elementor-widget-container\">\n\t\t\t\t\t\t\t<div class=\"elementor-spacer\">\n\t\t\t<div class=\"elementor-spacer-inner\"><\/div>\n\t\t<\/div>\n\t\t\t\t\t\t<\/div>\n\t\t\t\t<\/div>\n\t\t\t\t<section class=\"elementor-section elementor-inner-section elementor-element elementor-element-8d15246 elementor-section-content-middle elementor-section-boxed elementor-section-height-default elementor-section-height-default\" data-id=\"8d15246\" data-element_type=\"section\" data-e-type=\"section\">\n\t\t\t\t\t\t<div class=\"elementor-container elementor-column-gap-default\">\n\t\t\t\t\t<div class=\"elementor-column elementor-col-33 elementor-inner-column elementor-element elementor-element-ae421f2\" data-id=\"ae421f2\" data-element_type=\"column\" data-e-type=\"column\">\n\t\t\t<div class=\"elementor-widget-wrap\">\n\t\t\t\t\t\t\t<\/div>\n\t\t<\/div>\n\t\t\t\t<div class=\"elementor-column elementor-col-33 elementor-inner-column elementor-element elementor-element-b49f9dd\" data-id=\"b49f9dd\" data-element_type=\"column\" data-e-type=\"column\">\n\t\t\t<div class=\"elementor-widget-wrap elementor-element-populated\">\n\t\t\t\t\t\t<div class=\"elementor-element elementor-element-a9deb9d elementor-widget elementor-widget-text-editor\" data-id=\"a9deb9d\" data-element_type=\"widget\" data-e-type=\"widget\" data-widget_type=\"text-editor.default\">\n\t\t\t\t<div class=\"elementor-widget-container\">\n\t\t\t\t\t\t\t\t\t<p>Projekt.si d.o.o. je privatno poduze\u0107e iz Ljubljane. Glavna djelatnost poduze\u0107a je razvoj i prodaja softvera za upravljanje poslovanjem poduze\u0107a (d.o.o. i sli\u010dno), te javnih instituta. Na\u0161i proizvodi koriste vi\u0161e od 400 poduze\u0107a iz Slovenije, Hrvatske, Bosne i Hercegovine, Srbije, Makedonije, Crne Gore, Ma\u0111arske, \u0160panjolske i Nizozemske.<\/p>\n\t\t\t\t\t\t\t\t<\/div>\n\t\t\t\t<\/div>\n\t\t\t\t\t<\/div>\n\t\t<\/div>\n\t\t\t\t<div class=\"elementor-column elementor-col-33 elementor-inner-column elementor-element elementor-element-c1236da\" data-id=\"c1236da\" data-element_type=\"column\" data-e-type=\"column\">\n\t\t\t<div class=\"elementor-widget-wrap\">\n\t\t\t\t\t\t\t<\/div>\n\t\t<\/div>\n\t\t\t\t\t<\/div>\n\t\t<\/section>\n\t\t\t\t<div class=\"elementor-element elementor-element-429fe78 elementor-widget elementor-widget-spacer\" data-id=\"429fe78\" data-element_type=\"widget\" data-e-type=\"widget\" data-widget_type=\"spacer.default\">\n\t\t\t\t<div class=\"elementor-widget-container\">\n\t\t\t\t\t\t\t<div class=\"elementor-spacer\">\n\t\t\t<div class=\"elementor-spacer-inner\"><\/div>\n\t\t<\/div>\n\t\t\t\t\t\t<\/div>\n\t\t\t\t<\/div>\n\t\t\t\t<div class=\"elementor-element elementor-element-dcad357 elementor-widget elementor-widget-spacer\" data-id=\"dcad357\" data-element_type=\"widget\" data-e-type=\"widget\" data-widget_type=\"spacer.default\">\n\t\t\t\t<div class=\"elementor-widget-container\">\n\t\t\t\t\t\t\t<div class=\"elementor-spacer\">\n\t\t\t<div class=\"elementor-spacer-inner\"><\/div>\n\t\t<\/div>\n\t\t\t\t\t\t<\/div>\n\t\t\t\t<\/div>\n\t\t\t\t\t<\/div>\n\t\t<\/div>\n\t\t\t\t\t<\/div>\n\t\t<\/section>\n\t\t\t\t<section class=\"elementor-section elementor-top-section elementor-element elementor-element-ad2e71e elementor-section-boxed elementor-section-height-default elementor-section-height-default\" data-id=\"ad2e71e\" data-element_type=\"section\" data-e-type=\"section\">\n\t\t\t\t\t\t<div class=\"elementor-container elementor-column-gap-default\">\n\t\t\t\t\t<div class=\"elementor-column elementor-col-100 elementor-top-column elementor-element elementor-element-23fc386\" data-id=\"23fc386\" data-element_type=\"column\" data-e-type=\"column\">\n\t\t\t<div class=\"elementor-widget-wrap elementor-element-populated\">\n\t\t\t\t\t\t<div class=\"elementor-element elementor-element-fb40f7b elementor-widget elementor-widget-spacer\" data-id=\"fb40f7b\" data-element_type=\"widget\" data-e-type=\"widget\" data-widget_type=\"spacer.default\">\n\t\t\t\t<div class=\"elementor-widget-container\">\n\t\t\t\t\t\t\t<div class=\"elementor-spacer\">\n\t\t\t<div class=\"elementor-spacer-inner\"><\/div>\n\t\t<\/div>\n\t\t\t\t\t\t<\/div>\n\t\t\t\t<\/div>\n\t\t\t\t<div class=\"elementor-element elementor-element-b482f5b elementor-widget elementor-widget-heading\" data-id=\"b482f5b\" data-element_type=\"widget\" data-e-type=\"widget\" data-widget_type=\"heading.default\">\n\t\t\t\t<div class=\"elementor-widget-container\">\n\t\t\t\t\t<h3 class=\"elementor-heading-title elementor-size-default\">Metode i uvjeti za dobivanje licence<\/h3>\t\t\t\t<\/div>\n\t\t\t\t<\/div>\n\t\t\t\t<div class=\"elementor-element elementor-element-28346e2 elementor-widget elementor-widget-spacer\" data-id=\"28346e2\" data-element_type=\"widget\" data-e-type=\"widget\" data-widget_type=\"spacer.default\">\n\t\t\t\t<div class=\"elementor-widget-container\">\n\t\t\t\t\t\t\t<div class=\"elementor-spacer\">\n\t\t\t<div class=\"elementor-spacer-inner\"><\/div>\n\t\t<\/div>\n\t\t\t\t\t\t<\/div>\n\t\t\t\t<\/div>\n\t\t\t\t<div class=\"elementor-element elementor-element-9b1ab37 elementor-widget elementor-widget-text-editor\" data-id=\"9b1ab37\" data-element_type=\"widget\" data-e-type=\"widget\" data-widget_type=\"text-editor.default\">\n\t\t\t\t<div class=\"elementor-widget-container\">\n\t\t\t\t\t\t\t\t\t<p>PIS softverski paket je licencirano autorsko djelo. Uz licencu imate licencu za kori\u0161tenje na\u0161eg paketa, prema uvjetima sadr\u017eanim u ugovoru o licenci. Prema zakonu o autorskim pravima upotreba softvera za\u0161ti\u0107enog autorskim pravima bez licence je nezakonita, pa je ka\u017enjiva. <\/ P> <\/p>\n<p> Nudimo na\u0161im kupcima dva mogu\u0107a na\u010dina dobivanja licence:<\/p>\n\t\t\t\t\t\t\t\t<\/div>\n\t\t\t\t<\/div>\n\t\t\t\t<section class=\"elementor-section elementor-inner-section elementor-element elementor-element-dcc4243 elementor-section-boxed elementor-section-height-default elementor-section-height-default\" data-id=\"dcc4243\" data-element_type=\"section\" data-e-type=\"section\">\n\t\t\t\t\t\t<div class=\"elementor-container elementor-column-gap-default\">\n\t\t\t\t\t<div class=\"elementor-column elementor-col-50 elementor-inner-column elementor-element elementor-element-9fcc38b\" data-id=\"9fcc38b\" data-element_type=\"column\" data-e-type=\"column\">\n\t\t\t<div class=\"elementor-widget-wrap elementor-element-populated\">\n\t\t\t\t\t\t<div class=\"elementor-element elementor-element-ba6b661 elementor-widget elementor-widget-heading\" data-id=\"ba6b661\" data-element_type=\"widget\" data-e-type=\"widget\" data-widget_type=\"heading.default\">\n\t\t\t\t<div class=\"elementor-widget-container\">\n\t\t\t\t\t<h4 class=\"elementor-heading-title elementor-size-default\">Kupnjevina licence<\/h4>\t\t\t\t<\/div>\n\t\t\t\t<\/div>\n\t\t\t\t<div class=\"elementor-element elementor-element-5d9d9e4 elementor-widget elementor-widget-text-editor\" data-id=\"5d9d9e4\" data-element_type=\"widget\" data-e-type=\"widget\" data-widget_type=\"text-editor.default\">\n\t\t\t\t<div class=\"elementor-widget-container\">\n\t\t\t\t\t\t\t\t\t<p>Kupnjom licence softvera PIS postajete vlasnik licence. Kupnja uklju\u010duje cjelovito odr\u017eavanje i implementaciju do jedne godine. Nakon tog razdoblja imate mogu\u0107nost izvr\u0161iti ugovor o odr\u017eavanju ili osvje\u017eenju. U ugovoru o nadogradnji sve su promjene uklju\u010dene u cijenu, a ugovor o odr\u017eavanju tako\u0111er uklju\u010duje posjete ili intervencije s klijentima uz verziju.<\/p>\n\t\t\t\t\t\t\t\t<\/div>\n\t\t\t\t<\/div>\n\t\t\t\t\t<\/div>\n\t\t<\/div>\n\t\t\t\t<div class=\"elementor-column elementor-col-50 elementor-inner-column elementor-element elementor-element-e871589\" data-id=\"e871589\" data-element_type=\"column\" data-e-type=\"column\">\n\t\t\t<div class=\"elementor-widget-wrap elementor-element-populated\">\n\t\t\t\t\t\t<div class=\"elementor-element elementor-element-4fb1fcb elementor-widget elementor-widget-heading\" data-id=\"4fb1fcb\" data-element_type=\"widget\" data-e-type=\"widget\" data-widget_type=\"heading.default\">\n\t\t\t\t<div class=\"elementor-widget-container\">\n\t\t\t\t\t<h4 class=\"elementor-heading-title elementor-size-default\">Unajmljivanje licence<\/h4>\t\t\t\t<\/div>\n\t\t\t\t<\/div>\n\t\t\t\t<div class=\"elementor-element elementor-element-b3c9d6d elementor-widget elementor-widget-text-editor\" data-id=\"b3c9d6d\" data-element_type=\"widget\" data-e-type=\"widget\" data-widget_type=\"text-editor.default\">\n\t\t\t\t<div class=\"elementor-widget-container\">\n\t\t\t\t\t\t\t\t\t<p>Po\u0161to sama kupovina mo\u017ee previ\u0161e ko\u0161tati poduze\u0107a, nudimo i na\u0161im kupcima licencu. Prednost iznajmljivanja je pla\u0107anje mjese\u010dnog najma koja va\u017ei za period izdavanja. Ugovor o zakupu ve\u0107 uklju\u010duje odr\u017eavanje, a pla\u0107a se mese\u010dna fiksna kamata od 4% od vrednosti softvera. Prilikom potpisivanja ugovora, pla\u0107a se 10% vrednosti softvera, kao tro\u0161ak postavljanja sistema. Nakon raskida zakupa, zakupac vi\u0161e nema pravo da koristi ovaj ugovor.<\/p>\n\t\t\t\t\t\t\t\t<\/div>\n\t\t\t\t<\/div>\n\t\t\t\t\t<\/div>\n\t\t<\/div>\n\t\t\t\t\t<\/div>\n\t\t<\/section>\n\t\t\t\t\t<\/div>\n\t\t<\/div>\n\t\t\t\t\t<\/div>\n\t\t<\/section>\n\t\t\t\t<section class=\"elementor-section elementor-top-section elementor-element elementor-element-0a289a7 elementor-section-boxed elementor-section-height-default elementor-section-height-default\" data-id=\"0a289a7\" data-element_type=\"section\" data-e-type=\"section\">\n\t\t\t\t\t\t<div class=\"elementor-container elementor-column-gap-default\">\n\t\t\t\t\t<div class=\"elementor-column elementor-col-100 elementor-top-column elementor-element elementor-element-b2c3071\" data-id=\"b2c3071\" data-element_type=\"column\" data-e-type=\"column\">\n\t\t\t<div class=\"elementor-widget-wrap elementor-element-populated\">\n\t\t\t\t\t\t<div class=\"elementor-element elementor-element-9f414af elementor-widget elementor-widget-heading\" data-id=\"9f414af\" data-element_type=\"widget\" data-e-type=\"widget\" data-widget_type=\"heading.default\">\n\t\t\t\t<div class=\"elementor-widget-container\">\n\t\t\t\t\t<h3 class=\"elementor-heading-title elementor-size-default\">Mjesto tvrtke<\/h3>\t\t\t\t<\/div>\n\t\t\t\t<\/div>\n\t\t\t\t<div class=\"elementor-element elementor-element-c39c810 elementor-widget elementor-widget-google_maps\" data-id=\"c39c810\" data-element_type=\"widget\" data-e-type=\"widget\" data-widget_type=\"google_maps.default\">\n\t\t\t\t<div class=\"elementor-widget-container\">\n\t\t\t\t\t\t\t<div class=\"elementor-custom-embed\">\n\t\t\t<iframe loading=\"lazy\"\n\t\t\t\t\tsrc=\"https:\/\/maps.google.com\/maps?q=Topni%C5%A1ka%2029A%2C%201000%20Ljubljana&#038;t=m&#038;z=10&#038;output=embed&#038;iwloc=near\"\n\t\t\t\t\ttitle=\"Topni\u0161ka 29A, 1000 Ljubljana\"\n\t\t\t\t\taria-label=\"Topni\u0161ka 29A, 1000 Ljubljana\"\n\t\t\t><\/iframe>\n\t\t<\/div>\n\t\t\t\t\t\t<\/div>\n\t\t\t\t<\/div>\n\t\t\t\t\t<\/div>\n\t\t<\/div>\n\t\t\t\t\t<\/div>\n\t\t<\/section>\n\t\t\t\t<\/div>\n\t\t","protected":false},"excerpt":{"rendered":"<p>Projekt.si d.o.o. je privatno poduze\u0107e iz Ljubljane. Glavna djelatnost poduze\u0107a je razvoj i prodaja softvera za upravljanje poslovanjem poduze\u0107a (d.o.o. i sli\u010dno), te javnih instituta. Na\u0161i proizvodi koriste vi\u0161e od [&hellip;]<\/p>\n","protected":false},"author":1,"featured_media":0,"parent":0,"menu_order":0,"comment_status":"closed","ping_status":"closed","template":"","meta":{"site-sidebar-layout":"no-sidebar","site-content-layout":"plain-container","ast-site-content-layout":"default","site-content-style":"default","site-sidebar-style":"default","ast-global-header-display":"","ast-banner-title-visibility":"","ast-main-header-display":"","ast-hfb-above-header-display":"","ast-hfb-below-header-display":"","ast-hfb-mobile-header-display":"","site-post-title":"disabled","ast-breadcrumbs-content":"","ast-featured-img":"","footer-sml-layout":"","ast-disable-related-posts":"","theme-transparent-header-meta":"enabled","adv-header-id-meta":"3690","stick-header-meta":"enabled","header-above-stick-meta":"","header-main-stick-meta":"on","header-below-stick-meta":"","astra-migrate-meta-layouts":"default","ast-page-background-enabled":"default","ast-page-background-meta":{"desktop":{"background-color":"","background-image":"","background-repeat":"repeat","background-position":"center center","background-size":"auto","background-attachment":"scroll","background-type":"","background-media":"","overlay-type":"","overlay-color":"","overlay-opacity":"","overlay-gradient":""},"tablet":{"background-color":"","background-image":"","background-repeat":"repeat","background-position":"center center","background-size":"auto","background-attachment":"scroll","background-type":"","background-media":"","overlay-type":"","overlay-color":"","overlay-opacity":"","overlay-gradient":""},"mobile":{"background-color":"","background-image":"","background-repeat":"repeat","background-position":"center center","background-size":"auto","background-attachment":"scroll","background-type":"","background-media":"","overlay-type":"","overlay-color":"","overlay-opacity":"","overlay-gradient":""}},"ast-content-background-meta":{"desktop":{"background-color":"var(--ast-global-color-4)","background-image":"","background-repeat":"repeat","background-position":"center center","background-size":"auto","background-attachment":"scroll","background-type":"","background-media":"","overlay-type":"","overlay-color":"","overlay-opacity":"","overlay-gradient":""},"tablet":{"background-color":"var(--ast-global-color-4)","background-image":"","background-repeat":"repeat","background-position":"center center","background-size":"auto","background-attachment":"scroll","background-type":"","background-media":"","overlay-type":"","overlay-color":"","overlay-opacity":"","overlay-gradient":""},"mobile":{"background-color":"var(--ast-global-color-4)","background-image":"","background-repeat":"repeat","background-position":"center center","background-size":"auto","background-attachment":"scroll","background-type":"","background-media":"","overlay-type":"","overlay-color":"","overlay-opacity":"","overlay-gradient":""}},"footnotes":""},"class_list":["post-2781","page","type-page","status-publish","hentry"],"yoast_head":"<!-- This site is optimized with the Yoast SEO plugin v27.4 - https:\/\/yoast.com\/product\/yoast-seo-wordpress\/ -->\n<title>Poduze\u0107e - (ERP) Poslovni informacijski sistem PIS 6<\/title>\n<meta name=\"robots\" content=\"index, follow, max-snippet:-1, max-image-preview:large, max-video-preview:-1\" \/>\n<link rel=\"canonical\" href=\"https:\/\/www.pis6.com\/hr\/poduzece\/\" \/>\n<meta property=\"og:locale\" content=\"hr_HR\" \/>\n<meta property=\"og:type\" content=\"article\" \/>\n<meta property=\"og:title\" content=\"Poduze\u0107e - (ERP) Poslovni informacijski sistem PIS 6\" \/>\n<meta property=\"og:description\" content=\"Projekt.si d.o.o. je privatno poduze\u0107e iz Ljubljane. Glavna djelatnost poduze\u0107a je razvoj i prodaja softvera za upravljanje poslovanjem poduze\u0107a (d.o.o. i sli\u010dno), te javnih instituta. Na\u0161i proizvodi koriste vi\u0161e od [&hellip;]\" \/>\n<meta property=\"og:url\" content=\"https:\/\/www.pis6.com\/hr\/poduzece\/\" \/>\n<meta property=\"og:site_name\" content=\"(ERP) Poslovni informacijski sistem PIS 6\" \/>\n<meta property=\"article:modified_time\" content=\"2024-01-17T13:21:30+00:00\" \/>\n<meta name=\"twitter:card\" content=\"summary_large_image\" \/>\n<meta name=\"twitter:label1\" content=\"Est. reading time\" \/>\n\t<meta name=\"twitter:data1\" content=\"1 minute\" \/>\n<script type=\"application\/ld+json\" class=\"yoast-schema-graph\">{\"@context\":\"https:\\\/\\\/schema.org\",\"@graph\":[{\"@type\":\"WebPage\",\"@id\":\"https:\\\/\\\/www.pis6.com\\\/hr\\\/poduzece\\\/\",\"url\":\"https:\\\/\\\/www.pis6.com\\\/hr\\\/poduzece\\\/\",\"name\":\"Poduze\u0107e - (ERP) Poslovni informacijski sistem PIS 6\",\"isPartOf\":{\"@id\":\"https:\\\/\\\/www.pis6.com\\\/hr\\\/#website\"},\"datePublished\":\"2018-06-23T14:16:34+00:00\",\"dateModified\":\"2024-01-17T13:21:30+00:00\",\"breadcrumb\":{\"@id\":\"https:\\\/\\\/www.pis6.com\\\/hr\\\/poduzece\\\/#breadcrumb\"},\"inLanguage\":\"hr-HR\",\"potentialAction\":[{\"@type\":\"ReadAction\",\"target\":[\"https:\\\/\\\/www.pis6.com\\\/hr\\\/poduzece\\\/\"]}]},{\"@type\":\"BreadcrumbList\",\"@id\":\"https:\\\/\\\/www.pis6.com\\\/hr\\\/poduzece\\\/#breadcrumb\",\"itemListElement\":[{\"@type\":\"ListItem\",\"position\":1,\"name\":\"Home\",\"item\":\"https:\\\/\\\/www.pis6.com\\\/hr\\\/\"},{\"@type\":\"ListItem\",\"position\":2,\"name\":\"Poduze\u0107e\"}]},{\"@type\":\"WebSite\",\"@id\":\"https:\\\/\\\/www.pis6.com\\\/hr\\\/#website\",\"url\":\"https:\\\/\\\/www.pis6.com\\\/hr\\\/\",\"name\":\"(ERP) Poslovni informacijski sistem PIS 6\",\"description\":\"Celovit poslovni paket za podporo va\u0161emu poslovanju\",\"publisher\":{\"@id\":\"https:\\\/\\\/www.pis6.com\\\/hr\\\/#organization\"},\"potentialAction\":[{\"@type\":\"SearchAction\",\"target\":{\"@type\":\"EntryPoint\",\"urlTemplate\":\"https:\\\/\\\/www.pis6.com\\\/hr\\\/?s={search_term_string}\"},\"query-input\":{\"@type\":\"PropertyValueSpecification\",\"valueRequired\":true,\"valueName\":\"search_term_string\"}}],\"inLanguage\":\"hr-HR\"},{\"@type\":\"Organization\",\"@id\":\"https:\\\/\\\/www.pis6.com\\\/hr\\\/#organization\",\"name\":\"Projekt.si d.o.o.\",\"url\":\"https:\\\/\\\/www.pis6.com\\\/hr\\\/\",\"logo\":{\"@type\":\"ImageObject\",\"inLanguage\":\"hr-HR\",\"@id\":\"https:\\\/\\\/www.pis6.com\\\/hr\\\/#\\\/schema\\\/logo\\\/image\\\/\",\"url\":\"https:\\/\\/www.pis6.com\\/wp-content\\/uploads\\/2018\\/05\\/projektsi_logotip.png\",\"contentUrl\":\"https:\\/\\/www.pis6.com\\/wp-content\\/uploads\\/2018\\/05\\/projektsi_logotip.png\",\"width\":192,\"height\":71,\"caption\":\"Projekt.si d.o.o.\"},\"image\":{\"@id\":\"https:\\\/\\\/www.pis6.com\\\/hr\\\/#\\\/schema\\\/logo\\\/image\\\/\"}}]}<\/script>\n<!-- \/ Yoast SEO plugin. -->","yoast_head_json":{"title":"Poduze\u0107e - (ERP) Poslovni informacijski sistem PIS 6","robots":{"index":"index","follow":"follow","max-snippet":"max-snippet:-1","max-image-preview":"max-image-preview:large","max-video-preview":"max-video-preview:-1"},"canonical":"https:\/\/www.pis6.com\/hr\/poduzece\/","og_locale":"hr_HR","og_type":"article","og_title":"Poduze\u0107e - (ERP) Poslovni informacijski sistem PIS 6","og_description":"Projekt.si d.o.o. je privatno poduze\u0107e iz Ljubljane. Glavna djelatnost poduze\u0107a je razvoj i prodaja softvera za upravljanje poslovanjem poduze\u0107a (d.o.o. i sli\u010dno), te javnih instituta. Na\u0161i proizvodi koriste vi\u0161e od [&hellip;]","og_url":"https:\/\/www.pis6.com\/hr\/poduzece\/","og_site_name":"(ERP) Poslovni informacijski sistem PIS 6","article_modified_time":"2024-01-17T13:21:30+00:00","twitter_card":"summary_large_image","twitter_misc":{"Est. reading time":"1 minute"},"schema":{"@context":"https:\/\/schema.org","@graph":[{"@type":"WebPage","@id":"https:\/\/www.pis6.com\/hr\/poduzece\/","url":"https:\/\/www.pis6.com\/hr\/poduzece\/","name":"Poduze\u0107e - (ERP) Poslovni informacijski sistem PIS 6","isPartOf":{"@id":"https:\/\/www.pis6.com\/hr\/#website"},"datePublished":"2018-06-23T14:16:34+00:00","dateModified":"2024-01-17T13:21:30+00:00","breadcrumb":{"@id":"https:\/\/www.pis6.com\/hr\/poduzece\/#breadcrumb"},"inLanguage":"hr-HR","potentialAction":[{"@type":"ReadAction","target":["https:\/\/www.pis6.com\/hr\/poduzece\/"]}]},{"@type":"BreadcrumbList","@id":"https:\/\/www.pis6.com\/hr\/poduzece\/#breadcrumb","itemListElement":[{"@type":"ListItem","position":1,"name":"Home","item":"https:\/\/www.pis6.com\/hr\/"},{"@type":"ListItem","position":2,"name":"Poduze\u0107e"}]},{"@type":"WebSite","@id":"https:\/\/www.pis6.com\/hr\/#website","url":"https:\/\/www.pis6.com\/hr\/","name":"(ERP) Poslovni informacijski sistem PIS 6","description":"Celovit poslovni paket za podporo va\u0161emu poslovanju","publisher":{"@id":"https:\/\/www.pis6.com\/hr\/#organization"},"potentialAction":[{"@type":"SearchAction","target":{"@type":"EntryPoint","urlTemplate":"https:\/\/www.pis6.com\/hr\/?s={search_term_string}"},"query-input":{"@type":"PropertyValueSpecification","valueRequired":true,"valueName":"search_term_string"}}],"inLanguage":"hr-HR"},{"@type":"Organization","@id":"https:\/\/www.pis6.com\/hr\/#organization","name":"Projekt.si d.o.o.","url":"https:\/\/www.pis6.com\/hr\/","logo":{"@type":"ImageObject","inLanguage":"hr-HR","@id":"https:\/\/www.pis6.com\/hr\/#\/schema\/logo\/image\/","url":"https:\/\/mliysumr7obd.i.optimole.com\/w:auto\/h:auto\/q:mauto\/f:best\/ig:avif\/https:\/\/www.pis6.com\/wp-content\/uploads\/2018\/05\/projektsi_logotip.png","contentUrl":"https:\/\/mliysumr7obd.i.optimole.com\/w:auto\/h:auto\/q:mauto\/f:best\/ig:avif\/https:\/\/www.pis6.com\/wp-content\/uploads\/2018\/05\/projektsi_logotip.png","width":192,"height":71,"caption":"Projekt.si d.o.o."},"image":{"@id":"https:\/\/www.pis6.com\/hr\/#\/schema\/logo\/image\/"}}]}},"_links":{"self":[{"href":"https:\/\/www.pis6.com\/hr\/wp-json\/wp\/v2\/pages\/2781","targetHints":{"allow":["GET"]}}],"collection":[{"href":"https:\/\/www.pis6.com\/hr\/wp-json\/wp\/v2\/pages"}],"about":[{"href":"https:\/\/www.pis6.com\/hr\/wp-json\/wp\/v2\/types\/page"}],"author":[{"embeddable":true,"href":"https:\/\/www.pis6.com\/hr\/wp-json\/wp\/v2\/users\/1"}],"replies":[{"embeddable":true,"href":"https:\/\/www.pis6.com\/hr\/wp-json\/wp\/v2\/comments?post=2781"}],"version-history":[{"count":0,"href":"https:\/\/www.pis6.com\/hr\/wp-json\/wp\/v2\/pages\/2781\/revisions"}],"wp:attachment":[{"href":"https:\/\/www.pis6.com\/hr\/wp-json\/wp\/v2\/media?parent=2781"}],"curies":[{"name":"wp","href":"https:\/\/api.w.org\/{rel}","templated":true}]}}